{"id":1066,"date":"2021-12-16T17:10:47","date_gmt":"2021-12-16T16:10:47","guid":{"rendered":"https:\/\/pranckh.com\/imprint\/"},"modified":"2021-12-16T17:14:01","modified_gmt":"2021-12-16T16:14:01","slug":"imprint","status":"publish","type":"page","link":"https:\/\/pranckh.com\/en\/imprint\/","title":{"rendered":"Imprint"},"content":{"rendered":"\t\t<div data-elementor-type=\"wp-page\" data-elementor-id=\"1066\" class=\"elementor elementor-1066 elementor-50\" data-elementor-settings=\"[]\">\n\t\t\t\t\t\t\t<div class=\"elementor-section-wrap\">\n\t\t\t\t\t\t\t<section class=\"elementor-section elementor-top-section elementor-element elementor-element-b08ec55 elementor-section-boxed elementor-section-height-default elementor-section-height-default\" data-id=\"b08ec55\" data-element_type=\"section\" data-settings=\"{&quot;_ha_eqh_enable&quot;:false}\">\n\t\t\t\t\t\t<div class=\"elementor-container elementor-column-gap-default\">\n\t\t\t\t\t<div class=\"elementor-column elementor-col-100 elementor-top-column elementor-element elementor-element-4a65c056\" data-id=\"4a65c056\" data-element_type=\"column\">\n\t\t\t<div class=\"elementor-widget-wrap elementor-element-populated\">\n\t\t\t\t\t\t\t\t<div class=\"elementor-element elementor-element-25589b22 elementor-widget elementor-widget-text-editor\" data-id=\"25589b22\" data-element_type=\"widget\" data-widget_type=\"text-editor.default\">\n\t\t\t\t<div class=\"elementor-widget-container\">\n\t\t\t<style>\/*! elementor - v3.5.1 - 20-12-2021 *\/\n.elementor-widget-text-editor.elementor-drop-cap-view-stacked .elementor-drop-cap{background-color:#818a91;color:#fff}.elementor-widget-text-editor.elementor-drop-cap-view-framed .elementor-drop-cap{color:#818a91;border:3px solid;background-color:transparent}.elementor-widget-text-editor:not(.elementor-drop-cap-view-default) .elementor-drop-cap{margin-top:8px}.elementor-widget-text-editor:not(.elementor-drop-cap-view-default) .elementor-drop-cap-letter{width:1em;height:1em}.elementor-widget-text-editor .elementor-drop-cap{float:left;text-align:center;line-height:1;font-size:50px}.elementor-widget-text-editor .elementor-drop-cap-letter{display:inline-block}<\/style>\t\t\t\t<p><strong>Angaben gem\u00e4\u00df \u00a7 5 TMG:<\/strong><\/p><p><strong>Dr. Ferdinand R. Pranckh<\/strong><br \/>Graduate engineer<\/p><p>Traiconsult GmbH<br \/>Fichtenstrasse 10<br \/>8723 Kobenz | Austria<\/p><p><a href=\"tel:+436648560457\">+43 664 856 0457<\/a><\/p><p><a href=\"mailto:frp@pranckh.com\">frp@pranckh.com<\/a><\/p><p><a href=\"http:\/\/www.pranckh.com\/\">www.pranckh.com<\/a><\/p><p><b>Verantwortlich f\u00fcr den Inhalt nach \u00a7 55 Abs. 2 RStV:<\/b><br \/>Dr. Ferdinand R. Pranckh<\/p><p><b>Konzeption und Umsetzung:<\/b><br \/>forma interim &#8211; Marketing f\u00fcr Macher<br \/><a href=\"https:\/\/www.forma-interim.de\/\" target=\"_blank\" rel=\"noopener\">www.forma-interim.de<\/a><\/p><p><b>Haftungsausschluss<\/b><\/p><p><b>Haftung f\u00fcr Inhalte<\/b><br \/>Die Inhalte dieser Seiten wurden mit gr\u00f6\u00dfter Sorgfalt erstellt. F\u00fcr die Richtigkeit, Vollst\u00e4ndigkeit und Aktualit\u00e4t der Inhalte kann ich jedoch keine Gew\u00e4hr \u00fcbernehmen. Als Diensteanbieter bin ich gem\u00e4\u00df \u00a7 7 Abs.1 TMG f\u00fcr eigene Inhalte auf diesen Seiten nach den allgemeinen Gesetzen verantwortlich. Nach \u00a7\u00a7 8 bis 10 TMG bin ich als Diensteanbieter jedoch nicht verpflichtet, \u00fcbermittelte oder gespeicherte fremde Informationen zu \u00fcberwachen oder nach Umst\u00e4nden zu forschen, die auf eine rechtswidrige T\u00e4tigkeit hinweisen. Verpflichtungen zur Entfernung oder Sperrung der Nutzung von Informationen nach den allgemeinen Gesetzen bleiben hiervon unber\u00fchrt. Eine diesbez\u00fcgliche Haftung ist jedoch erst ab dem Zeitpunkt der Kenntnis einer konkreten Rechtsverletzung m\u00f6glich. Bei Bekanntwerden von entsprechenden Rechtsverletzungen werde ich diese Inhalte umgehend entfernen.<\/p><p><b>Haftung f\u00fcr Links<\/b><br \/>Mein Angebot enth\u00e4lt Links zu externen Webseiten Dritter, auf deren Inhalte ich keinen Einfluss habe. Deshalb kann ich f\u00fcr diese fremden Inhalte auch keine Gew\u00e4hr \u00fcbernehmen. F\u00fcr die Inhalte der verlinkten Seiten ist stets der jeweilige Anbieter oder Betreiber der Seiten verantwortlich. Die verlinkten Seiten wurden zum Zeitpunkt der Verlinkung auf m\u00f6gliche Rechtsverst\u00f6\u00dfe \u00fcberpr\u00fcft. Rechtswidrige Inhalte waren zum Zeitpunkt der Verlinkung nicht erkennbar. Eine permanente inhaltliche Kontrolle der verlinkten Seiten ist jedoch ohne konkrete Anhaltspunkte einer Rechtsverletzung nicht zumutbar. Bei Bekanntwerden von Rechtsverletzungen werde ich derartige Links umgehend entfernen.<\/p><p><b>Urheberrecht<\/b><br \/>Die durch den Seitenbetreiber erstellten Inhalte und Werke auf diesen Seiten unterliegen dem deutschen Urheberrecht. Die Vervielf\u00e4ltigung, Bearbeitung, Verbreitung und jede Art der Verwertung au\u00dferhalb der Grenzen des Urheberrechtes bed\u00fcrfen der schriftlichen Zustimmung des jeweiligen Autors bzw. Erstellers. Downloads und Kopien dieser Seite sind nur f\u00fcr den privaten, nicht kommerziellen Gebrauch gestattet. Soweit die Inhalte auf dieser Seite nicht vom Betreiber erstellt wurden, werden die Urheberrechte Dritter beachtet. Insbesondere werden Inhalte Dritter als solche gekennzeichnet. Sollten Sie trotzdem auf eine Urheberrechtsverletzung aufmerksam werden, bitte ich um einen entsprechenden Hinweis. Bei Bekanntwerden von Rechtsverletzungen werde ich derartige Inhalte umgehend entfernen.<\/p><p>\u00a0<\/p>\t\t\t\t\t\t<\/div>\n\t\t\t\t<\/div>\n\t\t\t\t\t<\/div>\n\t\t<\/div>\n\t\t\t\t\t\t\t<\/div>\n\t\t<\/section>\n\t\t\t\t\t\t<\/div>\n\t\t\t\t\t<\/div>\n\t\t","protected":false},"excerpt":{"rendered":"<p>Angaben gem\u00e4\u00df \u00a7 5 TMG: Dr. Ferdinand R. PranckhGraduate engineer Traiconsult GmbHFichtenstrasse 108723 Kobenz | Austria +43 664 856 0457 frp@pranckh.com www.pranckh.com Verantwortlich f\u00fcr den Inhalt nach \u00a7 55 Abs. 2 RStV:Dr. Ferdinand R. Pranckh Konzeption und Umsetzung:forma interim &#8211; Marketing f\u00fcr Macherwww.forma-interim.de Haftungsausschluss Haftung f\u00fcr InhalteDie Inhalte dieser Seiten wurden mit gr\u00f6\u00dfter Sorgfalt erstellt. &hellip;<\/p>\n<p class=\"read-more\"> <a class=\"\" href=\"https:\/\/pranckh.com\/en\/imprint\/\"> <span class=\"screen-reader-text\">Imprint<\/span> Read More \u00bb<\/a><\/p>\n","protected":false},"author":1,"featured_media":0,"parent":0,"menu_order":99,"comment_status":"closed","ping_status":"closed","template":"","meta":{"site-sidebar-layout":"no-sidebar","site-content-layout":"page-builder","ast-main-header-display":"","ast-hfb-above-header-display":"","ast-hfb-below-header-display":"","ast-hfb-mobile-header-display":"","site-post-title":"disabled","ast-breadcrumbs-content":"","ast-featured-img":"disabled","footer-sml-layout":"","theme-transparent-header-meta":"","adv-header-id-meta":"","stick-header-meta":"","header-above-stick-meta":"","header-main-stick-meta":"","header-below-stick-meta":""},"yoast_head":"<!-- This site is optimized with the Yoast SEO plugin v17.8 - https:\/\/yoast.com\/wordpress\/plugins\/seo\/ -->\n<title>Imprint - Dr. Ferdinand R. Pranckh<\/title>\n<meta name=\"robots\" content=\"index, follow, max-snippet:-1, max-image-preview:large, max-video-preview:-1\" \/>\n<link rel=\"canonical\" href=\"https:\/\/pranckh.com\/en\/imprint\/\" \/>\n<meta property=\"og:locale\" content=\"en_US\" \/>\n<meta property=\"og:type\" content=\"article\" \/>\n<meta property=\"og:title\" content=\"Imprint - Dr. Ferdinand R. Pranckh\" \/>\n<meta property=\"og:description\" content=\"Angaben gem\u00e4\u00df \u00a7 5 TMG: Dr. Ferdinand R. PranckhGraduate engineer Traiconsult GmbHFichtenstrasse 108723 Kobenz | Austria +43 664 856 0457 frp@pranckh.com www.pranckh.com Verantwortlich f\u00fcr den Inhalt nach \u00a7 55 Abs. 2 RStV:Dr. Ferdinand R. Pranckh Konzeption und Umsetzung:forma interim &#8211; Marketing f\u00fcr Macherwww.forma-interim.de Haftungsausschluss Haftung f\u00fcr InhalteDie Inhalte dieser Seiten wurden mit gr\u00f6\u00dfter Sorgfalt erstellt. &hellip; Imprint Read More \u00bb\" \/>\n<meta property=\"og:url\" content=\"https:\/\/pranckh.com\/en\/imprint\/\" \/>\n<meta property=\"og:site_name\" content=\"Dr. Ferdinand R. Pranckh\" \/>\n<meta property=\"article:modified_time\" content=\"2021-12-16T16:14:01+00:00\" \/>\n<meta name=\"twitter:card\" content=\"summary_large_image\" \/>\n<meta name=\"twitter:label1\" content=\"Est. reading time\" \/>\n\t<meta name=\"twitter:data1\" content=\"2 minutes\" \/>\n<script type=\"application\/ld+json\" class=\"yoast-schema-graph\">{\"@context\":\"https:\/\/schema.org\",\"@graph\":[{\"@type\":\"WebSite\",\"@id\":\"https:\/\/pranckh.com\/#website\",\"url\":\"https:\/\/pranckh.com\/\",\"name\":\"Dr. Ferdinand R. Pranckh\",\"description\":\"executive solutions | Interim Manager\",\"potentialAction\":[{\"@type\":\"SearchAction\",\"target\":{\"@type\":\"EntryPoint\",\"urlTemplate\":\"https:\/\/pranckh.com\/?s={search_term_string}\"},\"query-input\":\"required name=search_term_string\"}],\"inLanguage\":\"en-US\"},{\"@type\":\"WebPage\",\"@id\":\"https:\/\/pranckh.com\/en\/imprint\/#webpage\",\"url\":\"https:\/\/pranckh.com\/en\/imprint\/\",\"name\":\"Imprint - Dr. Ferdinand R. Pranckh\",\"isPartOf\":{\"@id\":\"https:\/\/pranckh.com\/#website\"},\"datePublished\":\"2021-12-16T16:10:47+00:00\",\"dateModified\":\"2021-12-16T16:14:01+00:00\",\"breadcrumb\":{\"@id\":\"https:\/\/pranckh.com\/en\/imprint\/#breadcrumb\"},\"inLanguage\":\"en-US\",\"potentialAction\":[{\"@type\":\"ReadAction\",\"target\":[\"https:\/\/pranckh.com\/en\/imprint\/\"]}]},{\"@type\":\"BreadcrumbList\",\"@id\":\"https:\/\/pranckh.com\/en\/imprint\/#breadcrumb\",\"itemListElement\":[{\"@type\":\"ListItem\",\"position\":1,\"name\":\"Startseite\",\"item\":\"https:\/\/pranckh.com\/en\/\"},{\"@type\":\"ListItem\",\"position\":2,\"name\":\"Imprint\"}]}]}<\/script>\n<!-- \/ Yoast SEO plugin. -->","yoast_head_json":{"title":"Imprint - Dr. Ferdinand R. Pranckh","robots":{"index":"index","follow":"follow","max-snippet":"max-snippet:-1","max-image-preview":"max-image-preview:large","max-video-preview":"max-video-preview:-1"},"canonical":"https:\/\/pranckh.com\/en\/imprint\/","og_locale":"en_US","og_type":"article","og_title":"Imprint - Dr. Ferdinand R. Pranckh","og_description":"Angaben gem\u00e4\u00df \u00a7 5 TMG: Dr. Ferdinand R. PranckhGraduate engineer Traiconsult GmbHFichtenstrasse 108723 Kobenz | Austria +43 664 856 0457 frp@pranckh.com www.pranckh.com Verantwortlich f\u00fcr den Inhalt nach \u00a7 55 Abs. 2 RStV:Dr. Ferdinand R. Pranckh Konzeption und Umsetzung:forma interim &#8211; Marketing f\u00fcr Macherwww.forma-interim.de Haftungsausschluss Haftung f\u00fcr InhalteDie Inhalte dieser Seiten wurden mit gr\u00f6\u00dfter Sorgfalt erstellt. &hellip; Imprint Read More \u00bb","og_url":"https:\/\/pranckh.com\/en\/imprint\/","og_site_name":"Dr. Ferdinand R. Pranckh","article_modified_time":"2021-12-16T16:14:01+00:00","twitter_card":"summary_large_image","twitter_misc":{"Est. reading time":"2 minutes"},"schema":{"@context":"https:\/\/schema.org","@graph":[{"@type":"WebSite","@id":"https:\/\/pranckh.com\/#website","url":"https:\/\/pranckh.com\/","name":"Dr. Ferdinand R. Pranckh","description":"executive solutions | Interim Manager","potentialAction":[{"@type":"SearchAction","target":{"@type":"EntryPoint","urlTemplate":"https:\/\/pranckh.com\/?s={search_term_string}"},"query-input":"required name=search_term_string"}],"inLanguage":"en-US"},{"@type":"WebPage","@id":"https:\/\/pranckh.com\/en\/imprint\/#webpage","url":"https:\/\/pranckh.com\/en\/imprint\/","name":"Imprint - Dr. Ferdinand R. Pranckh","isPartOf":{"@id":"https:\/\/pranckh.com\/#website"},"datePublished":"2021-12-16T16:10:47+00:00","dateModified":"2021-12-16T16:14:01+00:00","breadcrumb":{"@id":"https:\/\/pranckh.com\/en\/imprint\/#breadcrumb"},"inLanguage":"en-US","potentialAction":[{"@type":"ReadAction","target":["https:\/\/pranckh.com\/en\/imprint\/"]}]},{"@type":"BreadcrumbList","@id":"https:\/\/pranckh.com\/en\/imprint\/#breadcrumb","itemListElement":[{"@type":"ListItem","position":1,"name":"Startseite","item":"https:\/\/pranckh.com\/en\/"},{"@type":"ListItem","position":2,"name":"Imprint"}]}]}},"_links":{"self":[{"href":"https:\/\/pranckh.com\/en\/wp-json\/wp\/v2\/pages\/1066"}],"collection":[{"href":"https:\/\/pranckh.com\/en\/wp-json\/wp\/v2\/pages"}],"about":[{"href":"https:\/\/pranckh.com\/en\/wp-json\/wp\/v2\/types\/page"}],"author":[{"embeddable":true,"href":"https:\/\/pranckh.com\/en\/wp-json\/wp\/v2\/users\/1"}],"replies":[{"embeddable":true,"href":"https:\/\/pranckh.com\/en\/wp-json\/wp\/v2\/comments?post=1066"}],"version-history":[{"count":6,"href":"https:\/\/pranckh.com\/en\/wp-json\/wp\/v2\/pages\/1066\/revisions"}],"predecessor-version":[{"id":1073,"href":"https:\/\/pranckh.com\/en\/wp-json\/wp\/v2\/pages\/1066\/revisions\/1073"}],"wp:attachment":[{"href":"https:\/\/pranckh.com\/en\/wp-json\/wp\/v2\/media?parent=1066"}],"curies":[{"name":"wp","href":"https:\/\/api.w.org\/{rel}","templated":true}]}}